{"id":57,"date":"2011-02-06T18:08:17","date_gmt":"2011-02-06T17:08:17","guid":{"rendered":"http:\/\/yngves.com\/?page_id=57"},"modified":"2024-01-28T13:44:33","modified_gmt":"2024-01-28T12:44:33","slug":"linker","status":"publish","type":"page","link":"https:\/\/yngves.com\/?page_id=57","title":{"rendered":"Linker"},"content":{"rendered":"<p><strong>Linker til anbefalte blogger:<br \/>\n<\/strong><a href=\"http:\/\/dekodet.blogspot.no\/\" target=\"_blank\" rel=\"noopener\">Dekodet.<\/a><a href=\"http:\/\/no.wikipedia.org\/wiki\/Knut_J%C3%B8rgen_R%C3%B8ed_%C3%98degaard\" target=\"_self\" rel=\"noopener\">\u00a0<\/a>\u00a0 \u00a0<a href=\"http:\/\/no.wikipedia.org\/wiki\/Bj%C3%B8rn_Are_Davidsen\" target=\"_blank\" rel=\"noopener\">Bj\u00f8rn Arne Davidsen<\/a>s blogg. V\u00e5r tids &laquo;myteknuser&raquo; i Norge. Har bl.a. skrevet b\u00f8kene\u00a0<em>&laquo;Da jorden ble flat &#8211; mytene som ikke vil d\u00f8&raquo;<\/em>\u00a0og\u00a0<em>&laquo;Svar p\u00e5 tiltale&raquo;.\u00a0<\/em>Vel verdt \u00e5 f\u00f8lge med i!<br \/>\nBj\u00f8rn Are Davidsen er ogs\u00e5 flittig bidragsyter i nettstedet<br \/>\n<a href=\"https:\/\/skaperkraft.no\">Skaperkraft<\/a>, &laquo;en tankesmie \u00a0som bygger bro mellom kirke og samfunn&raquo;, som det st\u00e5r i nettstedets selvpresentasjon.<br \/>\nLikeledes er han ogs\u00e5 redakt\u00f8r for nettstedet <a href=\"https:\/\/fagsjekk.no\">Fagsjekk,<\/a> &laquo;et initiativ for \u00e5 fremme kritisk tenkning og kvalitetssikring av fakta i skoleverket&raquo;. Begge nettsteder h\u00f8yst lesverdige.<\/p>\n<p>En annen blogg om teologi og vitenskap er <a href=\"http:\/\/www.danieljoachim.org\" target=\"_blank\" rel=\"noopener\">Daniel Joachim Klevens blogg<\/a>. Lesverdig den ogs\u00e5.<\/p>\n<p><a href=\"https:\/\/no.wikipedia.org\/wiki\/Magne_Ler\u00f8\">Magne Ler\u00f8<\/a> skriver friskt og godt om aktuelle saker i samfunnet: <a href=\"https:\/\/www.magnelero.no\/om\/\">Om ledelse, politikk og medier.<\/a><\/p>\n<p><strong><br \/>\nAndre linker med interessant teologisk innhold:<\/strong><\/p>\n<p>Lyst til \u00e5 se en ganske annerledes, underholdende, fascinerende og bevissthetsutvidende undervisning om\u00a0<em><strong>Skapelsesberetningen<\/strong><\/em>? Som &laquo;bare&raquo; varer 1 time og 20 minutter? Da kan du klikke deg inn\u00a0<a href=\"http:\/\/www.youtube.com\/watch?v=i2rklwkm_dQ\" target=\"_blank\" rel=\"noopener\">her!<\/a>\u00a0Beste jeg har sett og h\u00f8rt p\u00e5 lenge! P\u00e5 engelsk, men garantert ikke kjedelig! Her gis et lys over hvordan dette fascinerende beretningen skal leses og forst\u00e5es. Navnet p\u00e5 den unge mann er\u00a0<a href=\"http:\/\/en.wikipedia.org\/wiki\/Rob_Bell\">Rob Bell<\/a>.<\/p>\n<p><strong>Spennende samtaler:<\/strong><br \/>\n<a href=\"https:\/\/www.youtube.com\/watch?v=OVEuQg_Mglw&amp;t=118s\">Has science buried God?<\/a> Mellom\u00a0<a href=\"http:\/\/en.wikipedia.org\/wiki\/John_Lennox\">John Lennox<\/a>\u00a0og\u00a0<a href=\"http:\/\/no.wikipedia.org\/wiki\/Richard_Dawkins\">Richard Dawkins<\/a>.<br \/>\nHa god tid, den varer 1 time og 20 minutter!<br \/>\n<a href=\"https:\/\/www.youtube.com\/watch?v=nlf_ULB26cU\">Unbelievable.<\/a>\u00a0Hvordan Paulus forandret verden. Mellom <a href=\"https:\/\/en.wikipedia.org\/wiki\/N._T._Wright\">Tom Wright<\/a> og <a href=\"https:\/\/en.wikipedia.org\/wiki\/Tom_Holland_(author)\">Tom Holland<\/a>. Den ene teologiprofessor og den andre historiker og ateist.<\/p>\n<p><strong><em>Et apropos til &laquo;palestina&raquo;-konflikten.<\/em><\/strong>\u00a0En kristen palestinsk\/arabisk biskop\u00a0<a href=\"http:\/\/www.vimeo.com\/9496852\" target=\"_blank\" rel=\"noopener\">forteller<\/a>. Navn:\u00a0<a href=\"http:\/\/en.wikipedia.org\/wiki\/Elias_Chacour\">Elias Chacour<\/a>. \u00c5 lytte til\u00a0hans budskap er vel verdt anvendt tid. Det er greit \u00e5 v\u00e6re forberedt p\u00e5 b\u00e5de smil og t\u00e5rer, det er knapt mulig \u00e5 ikke bli ber\u00f8rt av dette.<\/p>\n<p><strong>Andre linker:<br \/>\n<\/strong><a href=\"http:\/\/no.wikipedia.org\/wiki\/Knut_J%C3%B8rgen_R%C3%B8ed_%C3%98degaard\" target=\"_self\" rel=\"noopener\">Knut J\u00f8rgen R\u00f8ed \u00d8degaard<\/a> &#8211; opprinnelig jevnakergutt &#8211; er en kar som jeg har hatt stor glede av \u00e5 bli kjent med. M\u00f8tet med astronomien bringer meg (oss!) til s\u00e5nne yttergrenser for v\u00e5r erkjennelse at man kan bli &laquo;religi\u00f8s&raquo; av mindre, mht v\u00e5r opprinnelse. Hjemmesida hans: <a href=\"http:\/\/www.astroevents.no\/\">astroevents.no<\/a> er vel verdt et bes\u00f8k!<\/p>\n<p>Og for dem som \u00f8nsker \u00e5 reise jorda rundt uten kostnad, eller for den del: foreta et &laquo;dypdykk&raquo; i verdensrommet, er <a href=\"http:\/\/earth.google.com\/\" target=\"_blank\" rel=\"noopener\">Google Earth<\/a> ogs\u00e5 verdt \u00e5 laste ned.<br \/>\nI New York f.eks. er skyskraperne p\u00e5 Manhattan gjengitt i 3D-format.<br \/>\nEn annen artig funksjon tilbudt av Google er <a href=\"http:\/\/maps.google.com\/\" target=\"_blank\" rel=\"noopener\">Google Maps<\/a>, hvor du kan &laquo;kj\u00f8re bil&raquo; og se deg om, enten det er storbyer eller et sted som Jevnaker! Det er bare \u00e5 trekke den gule &laquo;fotgjengeren&raquo; ut av &laquo;skilderhuset&raquo; sitt til \u00f8nsket sted p\u00e5 verdenskartet, s\u00e5 vil du samtidig se hvor &laquo;streetview&raquo; har v\u00e6rt og filmet.<\/p>\n<p>NRK2 viste 2. mai 2012 dokumentaren om sangeren og foredragsholderen <strong>Anne Margrethe Lund<\/strong>, som d\u00f8de av kreft 16. mai 2008, 39 \u00e5r gammel. En film om et liv det var umulig \u00e5 ikke bli ber\u00f8rt av. <a href=\"http:\/\/www.allgronn.org\/varekraft\/\" target=\"_blank\" rel=\"noopener\">En link til en av web-sidene om henne, finner du her.<\/a> Den er vel verdt \u00e5 studere! AML fant opp ordet &laquo;v\u00e6rekraft&raquo; &#8211; til erstatning for &laquo;b\u00e6rekraft&raquo;.<\/p>\n","protected":false},"excerpt":{"rendered":"<p>Linker til anbefalte blogger: Dekodet.\u00a0\u00a0 \u00a0Bj\u00f8rn Arne Davidsens blogg. V\u00e5r tids &laquo;myteknuser&raquo; i Norge. Har bl.a. skrevet b\u00f8kene\u00a0&laquo;Da jorden ble flat &#8211; mytene som ikke vil d\u00f8&raquo;\u00a0og\u00a0&laquo;Svar p\u00e5 tiltale&raquo;.\u00a0Vel verdt \u00e5 f\u00f8lge med i! Bj\u00f8rn Are Davidsen er ogs\u00e5 flittig &hellip; <a href=\"https:\/\/yngves.com\/?page_id=57\">Les videre <span class=\"meta-nav\">&rarr;<\/span><\/a><\/p>\n","protected":false},"author":1,"featured_media":0,"parent":0,"menu_order":0,"comment_status":"closed","ping_status":"open","template":"","meta":{"footnotes":""},"_links":{"self":[{"href":"https:\/\/yngves.com\/index.php?rest_route=\/wp\/v2\/pages\/57"}],"collection":[{"href":"https:\/\/yngves.com\/index.php?rest_route=\/wp\/v2\/pages"}],"about":[{"href":"https:\/\/yngves.com\/index.php?rest_route=\/wp\/v2\/types\/page"}],"author":[{"embeddable":true,"href":"https:\/\/yngves.com\/index.php?rest_route=\/wp\/v2\/users\/1"}],"replies":[{"embeddable":true,"href":"https:\/\/yngves.com\/index.php?rest_route=%2Fwp%2Fv2%2Fcomments&post=57"}],"version-history":[{"count":66,"href":"https:\/\/yngves.com\/index.php?rest_route=\/wp\/v2\/pages\/57\/revisions"}],"predecessor-version":[{"id":1132,"href":"https:\/\/yngves.com\/index.php?rest_route=\/wp\/v2\/pages\/57\/revisions\/1132"}],"wp:attachment":[{"href":"https:\/\/yngves.com\/index.php?rest_route=%2Fwp%2Fv2%2Fmedia&parent=57"}],"curies":[{"name":"wp","href":"https:\/\/api.w.org\/{rel}","templated":true}]}}