{"id":42,"date":"2011-02-06T17:31:22","date_gmt":"2011-02-06T16:31:22","guid":{"rendered":"http:\/\/yngves.com\/?page_id=42"},"modified":"2012-04-30T16:53:50","modified_gmt":"2012-04-30T14:53:50","slug":"prekener","status":"publish","type":"page","link":"https:\/\/yngves.com\/?page_id=42","title":{"rendered":"Prekener"},"content":{"rendered":"<p>Her\u00a0finner du et\u00a0utvalg\u00a0prekener p\u00e5 forskjellige s\u00f8ndager i kirke\u00e5ret, sortert i\u00a0mappene du kan klikke deg inn i\u00a0nedenfor. Det kommer mer etterhvert&#8230;<br \/>\nDet som arkiveres under &laquo;Andakter&raquo; og &laquo;Konfirmasjonsprekener&raquo;, vil ogs\u00e5 finnes i de \u00f8verste mappene &#8211; til det skrift prekenteksten er hentet fra.<\/p>\n<p style=\"padding-left: 30px;\"><a href=\"http:\/\/yngves.com\/?page_id=97\" target=\"_self\">Matteusevangeliet<\/a><br \/>\n<a href=\"http:\/\/yngves.com\/?page_id=127\" target=\"_self\">Markusevangeliet<\/a><br \/>\n<a href=\"http:\/\/yngves.com\/?page_id=150\" target=\"_self\">Lukasevangeliet<\/a><br \/>\n<a href=\"http:\/\/yngves.com\/?page_id=72\" target=\"_self\">Johannesevangeliet<\/a><br \/>\n<a href=\"http:\/\/yngves.com\/?page_id=186\" target=\"_self\">Apostlenes gjerninger &#8211; Johs. \u00c5penb.<\/a><\/p>\n<p style=\"padding-left: 30px;\"><a href=\"http:\/\/yngves.com\/?page_id=197\" target=\"_self\">Det gamle testamente<\/a><\/p>\n<p style=\"padding-left: 30px;\"><a href=\"http:\/\/yngves.com\/?page_id=363\" target=\"_self\">Andakter<\/a><br \/>\n<a href=\"http:\/\/yngves.com\/?page_id=521\" target=\"_self\">Konfirmasjonsprekener<\/a><\/p>\n","protected":false},"excerpt":{"rendered":"<p>Her\u00a0finner du et\u00a0utvalg\u00a0prekener p\u00e5 forskjellige s\u00f8ndager i kirke\u00e5ret, sortert i\u00a0mappene du kan klikke deg inn i\u00a0nedenfor. Det kommer mer etterhvert&#8230; Det som arkiveres under &laquo;Andakter&raquo; og &laquo;Konfirmasjonsprekener&raquo;, vil ogs\u00e5 finnes i de \u00f8verste mappene &#8211; til det skrift prekenteksten er &hellip; <a href=\"https:\/\/yngves.com\/?page_id=42\">Les videre <span class=\"meta-nav\">&rarr;<\/span><\/a><\/p>\n","protected":false},"author":2,"featured_media":0,"parent":0,"menu_order":0,"comment_status":"closed","ping_status":"open","template":"","meta":{"footnotes":""},"_links":{"self":[{"href":"https:\/\/yngves.com\/index.php?rest_route=\/wp\/v2\/pages\/42"}],"collection":[{"href":"https:\/\/yngves.com\/index.php?rest_route=\/wp\/v2\/pages"}],"about":[{"href":"https:\/\/yngves.com\/index.php?rest_route=\/wp\/v2\/types\/page"}],"author":[{"embeddable":true,"href":"https:\/\/yngves.com\/index.php?rest_route=\/wp\/v2\/users\/2"}],"replies":[{"embeddable":true,"href":"https:\/\/yngves.com\/index.php?rest_route=%2Fwp%2Fv2%2Fcomments&post=42"}],"version-history":[{"count":26,"href":"https:\/\/yngves.com\/index.php?rest_route=\/wp\/v2\/pages\/42\/revisions"}],"predecessor-version":[{"id":71,"href":"https:\/\/yngves.com\/index.php?rest_route=\/wp\/v2\/pages\/42\/revisions\/71"}],"wp:attachment":[{"href":"https:\/\/yngves.com\/index.php?rest_route=%2Fwp%2Fv2%2Fmedia&parent=42"}],"curies":[{"name":"wp","href":"https:\/\/api.w.org\/{rel}","templated":true}]}}