{"id":34,"date":"2011-02-06T01:08:03","date_gmt":"2011-02-06T00:08:03","guid":{"rendered":"http:\/\/yngves.com\/?page_id=34"},"modified":"2024-01-27T20:43:24","modified_gmt":"2024-01-27T19:43:24","slug":"yngves-com-er-endelig-i-gang","status":"publish","type":"page","link":"https:\/\/yngves.com\/","title":{"rendered":"Velkommen til min hjemmeside!"},"content":{"rendered":"<p>For n\u00e6rmere presentasjon, klikk p\u00e5 &laquo;Om yngves.com&raquo;<br \/>\nN\u00e5r du til h\u00f8yre i skjermbildet klikker deg inn\u00a0under &laquo;Nylige innlegg&raquo;, &laquo;Kategorier&raquo; og &laquo;Arkiv&raquo;, s\u00e5 er det web-sidas automatiske dato-sortering av stoffet du finner.<br \/>\nKlikker du p\u00e5 linja under bildet ovafor, vil du der finne det samme\u00a0stoffet ordnet systematisk.<\/p>\n<p>27.1.2024: Grunnlovsdagen 17. mai 2017 Lovsangen fra en av de sm\u00e5, som over tid endte med demokrati. (Luk. 1,50-53)<br \/>\n27.12.2023: <a href=\"http:\/\/yngves.com\/?p=1097\">Juledagsprekenen 25.12.2018<\/a> (Joh. 1,1-14) (Avskjedsgudstjeneste)<br \/>\n27.5.2018: <a href=\"http:\/\/yngves.com\/?p=947\">T T T ! En konfirmasjonspreken<\/a>, holdt i 2017<br \/>\n18.4.2017: <a href=\"http:\/\/yngves.com\/?p=924\">En p\u00e5skebetraktning.<br \/>\n<\/a>1.8.2016: Preken p\u00e5 Olsok: <a href=\"http:\/\/yngves.com\/?p=829\">&laquo;\u00c5 v\u00e6re seg selv er: seg selv \u00e5 d\u00f8de.&raquo;<\/a> (Luk. 22,24-27)<br \/>\n3.1.2015: Preken p\u00e5 3. s\u00f8ndag i fastetiden: <a href=\"http:\/\/yngves.com\/?p=810\">Kjenner du kodene?<\/a> (Luk.11,14-28)<br \/>\n14.1.2014: Preken p\u00e5 3. s\u00f8ndag i \u00c5penbaringstiden: <a href=\"http:\/\/yngves.com\/?p=792\">Skapt i Guds bilde<\/a> (1.Mos.1,26-31)<br \/>\n28.12.2013: Et innlegg om Juleevangeliet: <a href=\"http:\/\/yngves.com\/?p=770\">Gi Josef et bedre rykte, og h\u00e5pet til krigens barn, finner du her.<\/a><\/p>\n","protected":false},"excerpt":{"rendered":"<p>For n\u00e6rmere presentasjon, klikk p\u00e5 &laquo;Om yngves.com&raquo; N\u00e5r du til h\u00f8yre i skjermbildet klikker deg inn\u00a0under &laquo;Nylige innlegg&raquo;, &laquo;Kategorier&raquo; og &laquo;Arkiv&raquo;, s\u00e5 er det web-sidas automatiske dato-sortering av stoffet du finner. Klikker du p\u00e5 linja under bildet ovafor, vil du &hellip; <a href=\"https:\/\/yngves.com\/\">Les videre <span class=\"meta-nav\">&rarr;<\/span><\/a><\/p>\n","protected":false},"author":1,"featured_media":0,"parent":0,"menu_order":0,"comment_status":"closed","ping_status":"open","template":"","meta":{"footnotes":""},"_links":{"self":[{"href":"https:\/\/yngves.com\/index.php?rest_route=\/wp\/v2\/pages\/34"}],"collection":[{"href":"https:\/\/yngves.com\/index.php?rest_route=\/wp\/v2\/pages"}],"about":[{"href":"https:\/\/yngves.com\/index.php?rest_route=\/wp\/v2\/types\/page"}],"author":[{"embeddable":true,"href":"https:\/\/yngves.com\/index.php?rest_route=\/wp\/v2\/users\/1"}],"replies":[{"embeddable":true,"href":"https:\/\/yngves.com\/index.php?rest_route=%2Fwp%2Fv2%2Fcomments&post=34"}],"version-history":[{"count":42,"href":"https:\/\/yngves.com\/index.php?rest_route=\/wp\/v2\/pages\/34\/revisions"}],"predecessor-version":[{"id":1125,"href":"https:\/\/yngves.com\/index.php?rest_route=\/wp\/v2\/pages\/34\/revisions\/1125"}],"wp:attachment":[{"href":"https:\/\/yngves.com\/index.php?rest_route=%2Fwp%2Fv2%2Fmedia&parent=34"}],"curies":[{"name":"wp","href":"https:\/\/api.w.org\/{rel}","templated":true}]}}