{"id":2,"date":"2011-02-05T22:49:32","date_gmt":"2011-02-05T22:49:32","guid":{"rendered":"http:\/\/yngves.com\/?page_id=2"},"modified":"2018-10-31T01:44:38","modified_gmt":"2018-10-31T00:44:38","slug":"om","status":"publish","type":"page","link":"https:\/\/yngves.com\/?page_id=2","title":{"rendered":"Om yngves.com"},"content":{"rendered":"<p>yngves.com ble opprettet i februar 2011 og er hjemmesiden til Yngve Skaland, pensjonert prest i Den norske kirke. Bor fortsatt i den vakre Hadelandsbygda Jevnaker. Bildet du ser ovafor er tatt av min eldste s\u00f8nn og viser utsikten fra presteg\u00e5rdshaven mot Randsfjorden og N\u00f8klebytangen i det fjerne.<\/p>\n<p>Mine ambisjoner med denne hjemmesiden er ikke annet enn et \u00f8nske om \u00e5 dele med leseren en og annen av de preknene jeg har holdt i \u00e5renes l\u00f8p, til ettertanke og forh\u00e5pentlig til oppbyggelse, &#8211; samt av og til \u00e5 dele refleksjoner over det som r\u00f8rer seg i tiden. Dette siste er det nok blitt atskillig mindre av, det er s\u00e5 mange som f\u00e5r sagt ting atskillig bedre enn meg selv, se anbefalte linker.<br \/>\nHar du glede av det du finner her, gleder jeg meg over det. Finner du ingenting av interesse er det fort gjort \u00e5 klikke seg ut igjen&#8230;!<br \/>\nJeg st\u00e5r vel stort sett for tradisjonell teologi, men er ikke bekvem med det \u00e5 plassere mennesker i b\u00e5s. Virkeligheten og menneskene i den er for sammensatt til det. Jeg har ikke sansen for den tendensen i tiden som viser seg i medienes\u00a0tabloide enten-eller, ei heller den ubeskyttede henvisning til &laquo;Guds klare ord&raquo;. Mange av dem som gj\u00f8r det, ser ofte ikke selv hvor selektiv den henvisningen ofte er i praksis. Den hellige Skrift er en sammensatt &laquo;greie&raquo; som inneholder ogs\u00e5 mye problematisk, ved siden av den fascinerende evangeliefortelling om Jesus fra Nasaret. Han er den kristne tros rettesnor og\u00a0 <em>sentrum.<\/em> Og n\u00e5r noe er i sentrum, er det \u00e5penbart at andre ting befinner seg i <em>periferien<\/em>.<\/p>\n<p>Kunne jeg med <em>yngves.com<\/em> bidra til noe av den samme fascinasjon over inkarnasjonens mysterium som jeg opplever selv, og at <em>Mannen fra Nasaret<\/em> faktisk har et budskap som ang\u00e5r oss i dagens Norge i det nye \u00e5rtusen, s\u00e5 er hensikten min oppn\u00e5dd.<br \/>\nHvis du, etter \u00e5 ha lest noe av det som er her, \u00f8nsker \u00e5 sende en hilsen eller en kommentar, m\u00e5 du gjerne gj\u00f8re det til <span style=\"text-decoration: underline;\"><em>yngve[at]yngves.com<\/em><\/span> (hvor [at] byttes ut med @). Eller over facebook.<\/p>\n<p>En stor takk til min kj\u00e6re bror Bj\u00f8rn som har hjulpet meg i gang med hjemmesiden min. Han har jeg \u00e5 takke for layout og tekniske l\u00f8sninger. Innholdet er jeg helt og holdent ansvarlig for selv.<\/p>\n","protected":false},"excerpt":{"rendered":"<p>yngves.com ble opprettet i februar 2011 og er hjemmesiden til Yngve Skaland, pensjonert prest i Den norske kirke. Bor fortsatt i den vakre Hadelandsbygda Jevnaker. Bildet du ser ovafor er tatt av min eldste s\u00f8nn og viser utsikten fra presteg\u00e5rdshaven &hellip; <a href=\"https:\/\/yngves.com\/?page_id=2\">Les videre <span class=\"meta-nav\">&rarr;<\/span><\/a><\/p>\n","protected":false},"author":2,"featured_media":0,"parent":0,"menu_order":0,"comment_status":"closed","ping_status":"open","template":"","meta":{"footnotes":""},"_links":{"self":[{"href":"https:\/\/yngves.com\/index.php?rest_route=\/wp\/v2\/pages\/2"}],"collection":[{"href":"https:\/\/yngves.com\/index.php?rest_route=\/wp\/v2\/pages"}],"about":[{"href":"https:\/\/yngves.com\/index.php?rest_route=\/wp\/v2\/types\/page"}],"author":[{"embeddable":true,"href":"https:\/\/yngves.com\/index.php?rest_route=\/wp\/v2\/users\/2"}],"replies":[{"embeddable":true,"href":"https:\/\/yngves.com\/index.php?rest_route=%2Fwp%2Fv2%2Fcomments&post=2"}],"version-history":[{"count":30,"href":"https:\/\/yngves.com\/index.php?rest_route=\/wp\/v2\/pages\/2\/revisions"}],"predecessor-version":[{"id":17,"href":"https:\/\/yngves.com\/index.php?rest_route=\/wp\/v2\/pages\/2\/revisions\/17"}],"wp:attachment":[{"href":"https:\/\/yngves.com\/index.php?rest_route=%2Fwp%2Fv2%2Fmedia&parent=2"}],"curies":[{"name":"wp","href":"https:\/\/api.w.org\/{rel}","templated":true}]}}