{"id":197,"date":"2011-02-26T18:38:53","date_gmt":"2011-02-26T17:38:53","guid":{"rendered":"http:\/\/yngves.com\/?page_id=197"},"modified":"2014-01-19T15:50:03","modified_gmt":"2014-01-19T14:50:03","slug":"fra-gt","status":"publish","type":"page","link":"http:\/\/yngves.com\/?page_id=197","title":{"rendered":"Fra Det gamle testamente"},"content":{"rendered":"<p><a href=\"http:\/\/yngves.com\/?p=792 \">1. Mosebok, 1,26-31<\/a> (19.1.2014)(3. s\u00f8nd. i \u00c5penbaringstiden. &laquo;Skapt i Guds bilde&#8230;&raquo;<br \/>\n<a href=\"http:\/\/yngves.com\/?p=193\">Jobs bok 2,1-10<\/a> (21.2.2010)(1.s. i faste)\u00a0 Kristustroen som &laquo;blasfemi&raquo;. Om lidelse og tro<br \/>\n<a href=\"http:\/\/yngves.com\/?p=210\" target=\"_self\">Jobs bok 19,25-27<\/a>\u00a0(18.9.1994)(17.s.e.pinse-h\u00f8sttakkefest) H\u00e4ndels Messias og Jobs forl\u00f8ser.<br \/>\n<a href=\"http:\/\/yngves.com\/?p=376\" target=\"_self\">Salme 8<\/a> (29.5.2011) En konfirmasjonspreken: Hvor mye er du verdt?<\/p>\n","protected":false},"excerpt":{"rendered":"<p>1. Mosebok, 1,26-31 (19.1.2014)(3. s\u00f8nd. i \u00c5penbaringstiden. &laquo;Skapt i Guds bilde&#8230;&raquo; Jobs bok 2,1-10 (21.2.2010)(1.s. i faste)\u00a0 Kristustroen som &laquo;blasfemi&raquo;. Om lidelse og tro Jobs bok 19,25-27\u00a0(18.9.1994)(17.s.e.pinse-h\u00f8sttakkefest) H\u00e4ndels Messias og Jobs forl\u00f8ser. Salme 8 (29.5.2011) En konfirmasjonspreken: Hvor mye er &hellip; <a href=\"http:\/\/yngves.com\/?page_id=197\">Les videre <span class=\"meta-nav\">&rarr;<\/span><\/a><\/p>\n","protected":false},"author":2,"featured_media":0,"parent":0,"menu_order":0,"comment_status":"closed","ping_status":"open","template":"","meta":{"footnotes":""},"_links":{"self":[{"href":"http:\/\/yngves.com\/index.php?rest_route=\/wp\/v2\/pages\/197"}],"collection":[{"href":"http:\/\/yngves.com\/index.php?rest_route=\/wp\/v2\/pages"}],"about":[{"href":"http:\/\/yngves.com\/index.php?rest_route=\/wp\/v2\/types\/page"}],"author":[{"embeddable":true,"href":"http:\/\/yngves.com\/index.php?rest_route=\/wp\/v2\/users\/2"}],"replies":[{"embeddable":true,"href":"http:\/\/yngves.com\/index.php?rest_route=%2Fwp%2Fv2%2Fcomments&post=197"}],"version-history":[{"count":11,"href":"http:\/\/yngves.com\/index.php?rest_route=\/wp\/v2\/pages\/197\/revisions"}],"predecessor-version":[{"id":800,"href":"http:\/\/yngves.com\/index.php?rest_route=\/wp\/v2\/pages\/197\/revisions\/800"}],"wp:attachment":[{"href":"http:\/\/yngves.com\/index.php?rest_route=%2Fwp%2Fv2%2Fmedia&parent=197"}],"curies":[{"name":"wp","href":"https:\/\/api.w.org\/{rel}","templated":true}]}}