{"id":186,"date":"2011-02-25T00:28:56","date_gmt":"2011-02-24T23:28:56","guid":{"rendered":"http:\/\/yngves.com\/?page_id=186"},"modified":"2011-12-30T16:20:48","modified_gmt":"2011-12-30T15:20:48","slug":"fra-acta-til-apenb","status":"publish","type":"page","link":"http:\/\/yngves.com\/?page_id=186","title":{"rendered":"Apostlenes gjerninger &#8211; Johannes&#8217; \u00c5penbaring"},"content":{"rendered":"<p><a href=\"http:\/\/yngves.com\/?p=181\" target=\"_self\">1. Kor. 3,4-11<\/a> (20.1.2002)(Ving\u00e5rdss\u00f8ndagen)\u00a0 Tema: Om det \u00e5 kj\u00f8psl\u00e5 med Gud.<br \/>\n<a href=\"http:\/\/yngves.com\/?p=236\" target=\"_self\">2. Kor. 4,6<\/a> (13.12.1995) Guds ansikt\/&raquo;Prosessen mot Gud&raquo; En lysmessepreken.<br \/>\n<a href=\"http:\/\/yngves.com\/?p=464\" target=\"_self\">1. Tim. 6,12<\/a> (11.9.2011) Jeg forsaker&#8230; En konfirmasjonspreken den 11. september<\/p>\n","protected":false},"excerpt":{"rendered":"<p>1. Kor. 3,4-11 (20.1.2002)(Ving\u00e5rdss\u00f8ndagen)\u00a0 Tema: Om det \u00e5 kj\u00f8psl\u00e5 med Gud. 2. Kor. 4,6 (13.12.1995) Guds ansikt\/&raquo;Prosessen mot Gud&raquo; En lysmessepreken. 1. Tim. 6,12 (11.9.2011) Jeg forsaker&#8230; En konfirmasjonspreken den 11. september<\/p>\n","protected":false},"author":2,"featured_media":0,"parent":0,"menu_order":0,"comment_status":"closed","ping_status":"open","template":"","meta":{"footnotes":""},"_links":{"self":[{"href":"http:\/\/yngves.com\/index.php?rest_route=\/wp\/v2\/pages\/186"}],"collection":[{"href":"http:\/\/yngves.com\/index.php?rest_route=\/wp\/v2\/pages"}],"about":[{"href":"http:\/\/yngves.com\/index.php?rest_route=\/wp\/v2\/types\/page"}],"author":[{"embeddable":true,"href":"http:\/\/yngves.com\/index.php?rest_route=\/wp\/v2\/users\/2"}],"replies":[{"embeddable":true,"href":"http:\/\/yngves.com\/index.php?rest_route=%2Fwp%2Fv2%2Fcomments&post=186"}],"version-history":[{"count":10,"href":"http:\/\/yngves.com\/index.php?rest_route=\/wp\/v2\/pages\/186\/revisions"}],"predecessor-version":[{"id":189,"href":"http:\/\/yngves.com\/index.php?rest_route=\/wp\/v2\/pages\/186\/revisions\/189"}],"wp:attachment":[{"href":"http:\/\/yngves.com\/index.php?rest_route=%2Fwp%2Fv2%2Fmedia&parent=186"}],"curies":[{"name":"wp","href":"https:\/\/api.w.org\/{rel}","templated":true}]}}