{"id":150,"date":"2011-02-14T21:41:53","date_gmt":"2011-02-14T20:41:53","guid":{"rendered":"http:\/\/yngves.com\/?page_id=150"},"modified":"2024-01-27T20:49:39","modified_gmt":"2024-01-27T19:49:39","slug":"fra-lukas-evangelium-2","status":"publish","type":"page","link":"http:\/\/yngves.com\/?page_id=150","title":{"rendered":"Fra Lukas&#8217; evangelium"},"content":{"rendered":"<p><a href=\"http:\/\/yngves.com\/?p=248\" target=\"_self\" rel=\"noopener\">Luk. 1,26-38<\/a> (26.3.1995, 22.3.2009) &laquo;Ingenting er umulig for Gud.&raquo; En &laquo;voksenpreken&raquo; og en barnepreken p\u00e5 Maria budskapsdag<\/p>\n<p><a href=\"http:\/\/yngves.com\/?p=1117\">Luk. 1,50-53<\/a> (17. mai 2017) R\u00f8sten fra en av de sm\u00e5, som over tid endte med demokrati<\/p>\n<p><a href=\"http:\/\/yngves.com\/?p=137 \" target=\"_self\" rel=\"noopener\">Luk. 2,1-14<\/a> (24.12.2010) &laquo;S\u00e5 n\u00e6re er Gud, som kinn er mot kinn&#8230;&raquo;<\/p>\n<p><a href=\"http:\/\/yngves.com\/?p=810\">Luk. 11,14-28<\/a> (30.3.2014) Kjenner du kodene? (Samtalegudstjeneste med konfirmantene)<\/p>\n<p><a href=\"http:\/\/yngves.com\/?p=829\">Luk. 22,24-27<\/a> (29.07.2016) Olsok: &laquo;\u00c5 v\u00e6re seg selv er: seg selv \u00e5 d\u00f8de.&raquo;<\/p>\n","protected":false},"excerpt":{"rendered":"<p>Luk. 1,26-38 (26.3.1995, 22.3.2009) &laquo;Ingenting er umulig for Gud.&raquo; En &laquo;voksenpreken&raquo; og en barnepreken p\u00e5 Maria budskapsdag Luk. 1,50-53 (17. mai 2017) R\u00f8sten fra en av de sm\u00e5, som over tid endte med demokrati Luk. 2,1-14 (24.12.2010) &laquo;S\u00e5 n\u00e6re er &hellip; <a href=\"http:\/\/yngves.com\/?page_id=150\">Les videre <span class=\"meta-nav\">&rarr;<\/span><\/a><\/p>\n","protected":false},"author":2,"featured_media":0,"parent":0,"menu_order":0,"comment_status":"closed","ping_status":"open","template":"","meta":{"footnotes":""},"_links":{"self":[{"href":"http:\/\/yngves.com\/index.php?rest_route=\/wp\/v2\/pages\/150"}],"collection":[{"href":"http:\/\/yngves.com\/index.php?rest_route=\/wp\/v2\/pages"}],"about":[{"href":"http:\/\/yngves.com\/index.php?rest_route=\/wp\/v2\/types\/page"}],"author":[{"embeddable":true,"href":"http:\/\/yngves.com\/index.php?rest_route=\/wp\/v2\/users\/2"}],"replies":[{"embeddable":true,"href":"http:\/\/yngves.com\/index.php?rest_route=%2Fwp%2Fv2%2Fcomments&post=150"}],"version-history":[{"count":11,"href":"http:\/\/yngves.com\/index.php?rest_route=\/wp\/v2\/pages\/150\/revisions"}],"predecessor-version":[{"id":1127,"href":"http:\/\/yngves.com\/index.php?rest_route=\/wp\/v2\/pages\/150\/revisions\/1127"}],"wp:attachment":[{"href":"http:\/\/yngves.com\/index.php?rest_route=%2Fwp%2Fv2%2Fmedia&parent=150"}],"curies":[{"name":"wp","href":"https:\/\/api.w.org\/{rel}","templated":true}]}}